{"id":2641,"date":"2017-07-15T17:49:03","date_gmt":"2017-07-15T17:49:03","guid":{"rendered":"https:\/\/www.evilaprojects.com\/amergraph\/"},"modified":"2017-07-15T17:49:03","modified_gmt":"2017-07-15T17:49:03","slug":"amergraph","status":"publish","type":"page","link":"https:\/\/www.evilaprojects.com\/fr\/referencias\/lamparas\/amergraph\/","title":{"rendered":"L\u00e1mparas Amergraph"},"content":{"rendered":"<p>Treinta a\u00f1os en el negocio y todav\u00eda pisando fuerte. Nuestro grupo de compa\u00f1\u00edas insisten en proporcionar productos de calidad con un servicio de calidad, los dos principios en los que se form\u00f3 la compa\u00f1\u00eda en 1975. Nuestro compromiso de hacer que cada cliente quede satisfecho ha definido nuestro pasado y est\u00e1 sentando las bases para nuestro futuro. Nuestra b\u00fasqueda de la excelencia y dedicaci\u00f3n a nuestros clientes, empleados y la calidad que nos diferencia del resto.<\/p>\n<p>&nbsp;<\/p>\n<ul>\n<li><a title=\"L\u00e1mparas UV Graphic Arts Amergraph\" href=\"\/referencias\/lamparas-uv-graphic-arts-amergraph\/\"><strong>Referencias L\u00e1mparas UV Graphic Arts Amergraph<\/strong><\/a><\/li>\n<li><a title=\"L\u00e1mparas UV Curing Amergraph\" href=\"\/referencias\/lampaars-uv-amergraph\/\"><strong>Referencias L\u00e1mparas UV Curing Amergraph<\/strong><\/a><\/li>\n<\/ul>\n","protected":false},"excerpt":{"rendered":"<p>Treinta a\u00f1os en el negocio y todav\u00eda pisando fuerte. Nuestro grupo de compa\u00f1\u00edas insisten en proporcionar productos de calidad con un servicio de calidad, los dos principios en los que se form\u00f3 la compa\u00f1\u00eda en 1975. Nuestro compromiso de hacer que cada cliente quede satisfecho ha definido nuestro pasado y est\u00e1 sentando las bases para [&hellip;]<\/p>\n","protected":false},"author":4,"featured_media":0,"parent":3596,"menu_order":0,"comment_status":"closed","ping_status":"closed","template":"","meta":{"_et_pb_use_builder":"","_et_pb_old_content":"","_et_gb_content_width":"","footnotes":""},"class_list":["post-2641","page","type-page","status-publish","hentry"],"yoast_head":"<!-- This site is optimized with the Yoast SEO plugin v25.5 - https:\/\/yoast.com\/wordpress\/plugins\/seo\/ -->\n<title>L\u00e1mparas Amergraph - Evila Projects&amp;Supplies<\/title>\n<meta name=\"robots\" content=\"index, follow, max-snippet:-1, max-image-preview:large, max-video-preview:-1\" \/>\n<link rel=\"canonical\" href=\"https:\/\/www.evilaprojects.com\/fr\/referencias\/lamparas\/amergraph\/\" \/>\n<meta property=\"og:locale\" content=\"fr_FR\" \/>\n<meta property=\"og:type\" content=\"article\" \/>\n<meta property=\"og:title\" content=\"L\u00e1mparas Amergraph - Evila Projects&amp;Supplies\" \/>\n<meta property=\"og:description\" content=\"Treinta a\u00f1os en el negocio y todav\u00eda pisando fuerte. Nuestro grupo de compa\u00f1\u00edas insisten en proporcionar productos de calidad con un servicio de calidad, los dos principios en los que se form\u00f3 la compa\u00f1\u00eda en 1975. Nuestro compromiso de hacer que cada cliente quede satisfecho ha definido nuestro pasado y est\u00e1 sentando las bases para [&hellip;]\" \/>\n<meta property=\"og:url\" content=\"https:\/\/www.evilaprojects.com\/fr\/referencias\/lamparas\/amergraph\/\" \/>\n<meta property=\"og:site_name\" content=\"Evila Projects&amp;Supplies\" \/>\n<meta name=\"twitter:card\" content=\"summary_large_image\" \/>\n<!-- \/ Yoast SEO plugin. -->","yoast_head_json":{"title":"L\u00e1mparas Amergraph - Evila Projects&amp;Supplies","robots":{"index":"index","follow":"follow","max-snippet":"max-snippet:-1","max-image-preview":"max-image-preview:large","max-video-preview":"max-video-preview:-1"},"canonical":"https:\/\/www.evilaprojects.com\/fr\/referencias\/lamparas\/amergraph\/","og_locale":"fr_FR","og_type":"article","og_title":"L\u00e1mparas Amergraph - Evila Projects&amp;Supplies","og_description":"Treinta a\u00f1os en el negocio y todav\u00eda pisando fuerte. Nuestro grupo de compa\u00f1\u00edas insisten en proporcionar productos de calidad con un servicio de calidad, los dos principios en los que se form\u00f3 la compa\u00f1\u00eda en 1975. Nuestro compromiso de hacer que cada cliente quede satisfecho ha definido nuestro pasado y est\u00e1 sentando las bases para [&hellip;]","og_url":"https:\/\/www.evilaprojects.com\/fr\/referencias\/lamparas\/amergraph\/","og_site_name":"Evila Projects&amp;Supplies","twitter_card":"summary_large_image","schema":{"@context":"https:\/\/schema.org","@graph":[{"@type":"WebPage","@id":"https:\/\/www.evilaprojects.com\/fr\/referencias\/lamparas\/amergraph\/","url":"https:\/\/www.evilaprojects.com\/fr\/referencias\/lamparas\/amergraph\/","name":"L\u00e1mparas Amergraph - Evila Projects&amp;Supplies","isPartOf":{"@id":"https:\/\/www.evilaprojects.com\/#website"},"datePublished":"2017-07-15T17:49:03+00:00","breadcrumb":{"@id":"https:\/\/www.evilaprojects.com\/fr\/referencias\/lamparas\/amergraph\/#breadcrumb"},"inLanguage":"fr-FR","potentialAction":[{"@type":"ReadAction","target":["https:\/\/www.evilaprojects.com\/fr\/referencias\/lamparas\/amergraph\/"]}]},{"@type":"BreadcrumbList","@id":"https:\/\/www.evilaprojects.com\/fr\/referencias\/lamparas\/amergraph\/#breadcrumb","itemListElement":[{"@type":"ListItem","position":1,"name":"Inicio","item":"https:\/\/www.evilaprojects.com\/fr\/"},{"@type":"ListItem","position":2,"name":"R\u00e9f\u00e9rences","item":"https:\/\/www.evilaprojects.com\/fr\/references\/"},{"@type":"ListItem","position":3,"name":"L\u00e1mparas Amergraph"}]},{"@type":"WebSite","@id":"https:\/\/www.evilaprojects.com\/#website","url":"https:\/\/www.evilaprojects.com\/","name":"E. Vila Projects & Supplies","description":"Infrared - Ultraviolet - Quartz","publisher":{"@id":"https:\/\/www.evilaprojects.com\/#organization"},"potentialAction":[{"@type":"SearchAction","target":{"@type":"EntryPoint","urlTemplate":"https:\/\/www.evilaprojects.com\/?s={search_term_string}"},"query-input":{"@type":"PropertyValueSpecification","valueRequired":true,"valueName":"search_term_string"}}],"inLanguage":"fr-FR"},{"@type":"Organization","@id":"https:\/\/www.evilaprojects.com\/#organization","name":"E. Vila Projects & Supplies","url":"https:\/\/www.evilaprojects.com\/","logo":{"@type":"ImageObject","inLanguage":"fr-FR","@id":"https:\/\/www.evilaprojects.com\/#\/schema\/logo\/image\/","url":"https:\/\/www.evilaprojects.com\/wp-content\/uploads\/2018\/01\/Logo-Evlia-Projects.jpg","contentUrl":"https:\/\/www.evilaprojects.com\/wp-content\/uploads\/2018\/01\/Logo-Evlia-Projects.jpg","width":300,"height":49,"caption":"E. Vila Projects & Supplies"},"image":{"@id":"https:\/\/www.evilaprojects.com\/#\/schema\/logo\/image\/"}}]}},"_links":{"self":[{"href":"https:\/\/www.evilaprojects.com\/fr\/wp-json\/wp\/v2\/pages\/2641\/"}],"collection":[{"href":"https:\/\/www.evilaprojects.com\/fr\/wp-json\/wp\/v2\/pages\/"}],"about":[{"href":"https:\/\/www.evilaprojects.com\/fr\/wp-json\/wp\/v2\/types\/page\/"}],"author":[{"embeddable":true,"href":"https:\/\/www.evilaprojects.com\/fr\/wp-json\/wp\/v2\/users\/4\/"}],"replies":[{"embeddable":true,"href":"https:\/\/www.evilaprojects.com\/fr\/wp-json\/wp\/v2\/comments\/?post=2641"}],"version-history":[{"count":0,"href":"https:\/\/www.evilaprojects.com\/fr\/wp-json\/wp\/v2\/pages\/2641\/revisions\/"}],"up":[{"embeddable":true,"href":"https:\/\/www.evilaprojects.com\/fr\/wp-json\/wp\/v2\/pages\/3596\/"}],"wp:attachment":[{"href":"https:\/\/www.evilaprojects.com\/fr\/wp-json\/wp\/v2\/media\/?parent=2641"}],"curies":[{"name":"wp","href":"https:\/\/api.w.org\/{rel}","templated":true}]}}